{"id":3049,"date":"2023-04-20T16:41:16","date_gmt":"2023-04-20T14:41:16","guid":{"rendered":"https:\/\/go-eastwest.de\/hafen\/winterlager-copy\/"},"modified":"2024-11-28T09:10:39","modified_gmt":"2024-11-28T08:10:39","slug":"bootservice-lackieren","status":"publish","type":"page","link":"https:\/\/go-eastwest.de\/hafen\/bootservice-lackieren\/","title":{"rendered":"Lackierung f\u00fcr Boote"},"content":{"rendered":"\t\t<div data-elementor-type=\"wp-page\" data-elementor-id=\"3049\" class=\"elementor elementor-3049\">\n\t\t\t\t<div class=\"elementor-element elementor-element-b053256 e-flex e-con-boxed e-con e-parent\" data-id=\"b053256\" data-element_type=\"container\">\n\t\t\t\t\t<div class=\"e-con-inner\">\n\t\t\t\t\t<\/div>\n\t\t\t\t<\/div>\n\t\t<div class=\"elementor-element elementor-element-9bbdaec e-flex e-con-boxed e-con e-parent\" data-id=\"9bbdaec\" data-element_type=\"container\" data-settings=\"{&quot;background_background&quot;:&quot;classic&quot;}\">\n\t\t\t\t\t<div class=\"e-con-inner\">\n\t\t<div class=\"elementor-element elementor-element-f57f547 e-con-full e-flex e-con e-child\" data-id=\"f57f547\" data-element_type=\"container\">\n\t\t\t\t<div class=\"elementor-element elementor-element-a8ea0f8 elementor-widget elementor-widget-heading\" data-id=\"a8ea0f8\" data-element_type=\"widget\" data-widget_type=\"heading.default\">\n\t\t\t\t<div class=\"elementor-widget-container\">\n\t\t\t\t\t<h1 class=\"elementor-heading-title elementor-size-default\">Hochwertige Lackierung f\u00fcr Ihre Yacht<\/h1>\t\t\t\t<\/div>\n\t\t\t\t<\/div>\n\t\t<div class=\"elementor-element elementor-element-d82b2cc e-con-full e-flex e-con e-child\" data-id=\"d82b2cc\" data-element_type=\"container\">\n\t\t<div class=\"elementor-element elementor-element-b2c37f8 e-con-full e-flex elementor-invisible e-con e-child\" data-id=\"b2c37f8\" data-element_type=\"container\" data-settings=\"{&quot;background_background&quot;:&quot;classic&quot;,&quot;animation&quot;:&quot;fadeInUp&quot;}\">\n\t\t\t\t<div class=\"elementor-element elementor-element-fcdc073 elementor-widget elementor-widget-heading\" data-id=\"fcdc073\" data-element_type=\"widget\" data-widget_type=\"heading.default\">\n\t\t\t\t<div class=\"elementor-widget-container\">\n\t\t\t\t\t<h2 class=\"elementor-heading-title elementor-size-default\">Lackierservice f\u00fcr Schiffe<\/h2>\t\t\t\t<\/div>\n\t\t\t\t<\/div>\n\t\t<div class=\"elementor-element elementor-element-0b30d1b e-con-full e-flex e-con e-child\" data-id=\"0b30d1b\" data-element_type=\"container\">\n\t\t\t\t<div class=\"elementor-element elementor-element-609aa21 elementor-widget__width-initial elementor-widget-mobile__width-inherit elementor-widget elementor-widget-heading\" data-id=\"609aa21\" data-element_type=\"widget\" data-widget_type=\"heading.default\">\n\t\t\t\t<div class=\"elementor-widget-container\">\n\t\t\t\t\t<p class=\"elementor-heading-title elementor-size-default\">Im Hafen von <strong>EastWest<\/strong> sind Sie genau richtig! Wir sind Ihr Lackier-Spezialist f\u00fcr Stahlboote, Stahlyachten und nat\u00fcrlich auch f\u00fcr Ihr GFK Boot.<\/p>\t\t\t\t<\/div>\n\t\t\t\t<\/div>\n\t\t\t\t<div class=\"elementor-element elementor-element-ed3711b elementor-widget__width-initial elementor-widget-mobile__width-inherit elementor-icon-list--layout-traditional elementor-list-item-link-full_width elementor-widget elementor-widget-icon-list\" data-id=\"ed3711b\" data-element_type=\"widget\" data-widget_type=\"icon-list.default\">\n\t\t\t\t<div class=\"elementor-widget-container\">\n\t\t\t\t\t\t\t<ul class=\"elementor-icon-list-items\">\n\t\t\t\t\t\t\t<li class=\"elementor-icon-list-item\">\n\t\t\t\t\t\t\t\t\t\t\t<span class=\"elementor-icon-list-icon\">\n\t\t\t\t\t\t\t<i aria-hidden=\"true\" class=\"fas fa-check\"><\/i>\t\t\t\t\t\t<\/span>\n\t\t\t\t\t\t\t\t\t\t<span class=\"elementor-icon-list-text\">Optische Ausbesserungen<\/span>\n\t\t\t\t\t\t\t\t\t<\/li>\n\t\t\t\t\t\t\t\t<li class=\"elementor-icon-list-item\">\n\t\t\t\t\t\t\t\t\t\t\t<span class=\"elementor-icon-list-icon\">\n\t\t\t\t\t\t\t<i aria-hidden=\"true\" class=\"fas fa-check\"><\/i>\t\t\t\t\t\t<\/span>\n\t\t\t\t\t\t\t\t\t\t<span class=\"elementor-icon-list-text\">Lackierarbeiten<\/span>\n\t\t\t\t\t\t\t\t\t<\/li>\n\t\t\t\t\t\t\t\t<li class=\"elementor-icon-list-item\">\n\t\t\t\t\t\t\t\t\t\t\t<span class=\"elementor-icon-list-icon\">\n\t\t\t\t\t\t\t<i aria-hidden=\"true\" class=\"fas fa-check\"><\/i>\t\t\t\t\t\t<\/span>\n\t\t\t\t\t\t\t\t\t\t<span class=\"elementor-icon-list-text\">komplette Demontagen<\/span>\n\t\t\t\t\t\t\t\t\t<\/li>\n\t\t\t\t\t\t\t\t<li class=\"elementor-icon-list-item\">\n\t\t\t\t\t\t\t\t\t\t\t<span class=\"elementor-icon-list-icon\">\n\t\t\t\t\t\t\t<i aria-hidden=\"true\" class=\"fas fa-check\"><\/i>\t\t\t\t\t\t<\/span>\n\t\t\t\t\t\t\t\t\t\t<span class=\"elementor-icon-list-text\">Spotreparatur<\/span>\n\t\t\t\t\t\t\t\t\t<\/li>\n\t\t\t\t\t\t\t\t<li class=\"elementor-icon-list-item\">\n\t\t\t\t\t\t\t\t\t\t\t<span class=\"elementor-icon-list-icon\">\n\t\t\t\t\t\t\t<i aria-hidden=\"true\" class=\"fas fa-check\"><\/i>\t\t\t\t\t\t<\/span>\n\t\t\t\t\t\t\t\t\t\t<span class=\"elementor-icon-list-text\">Entrosten<\/span>\n\t\t\t\t\t\t\t\t\t<\/li>\n\t\t\t\t\t\t<\/ul>\n\t\t\t\t\t\t<\/div>\n\t\t\t\t<\/div>\n\t\t\t\t<\/div>\n\t\t\t\t<\/div>\n\t\t\t\t<\/div>\n\t\t<div class=\"elementor-element elementor-element-a9167c3 e-con-full e-flex e-con e-child\" data-id=\"a9167c3\" data-element_type=\"container\">\n\t\t<div class=\"elementor-element elementor-element-062c71b e-con-full e-flex elementor-invisible e-con e-child\" data-id=\"062c71b\" data-element_type=\"container\" data-settings=\"{&quot;animation&quot;:&quot;fadeInLeft&quot;}\">\n\t\t\t\t<div class=\"elementor-element elementor-element-d56c08f elementor-widget elementor-widget-heading\" data-id=\"d56c08f\" data-element_type=\"widget\" data-widget_type=\"heading.default\">\n\t\t\t\t<div class=\"elementor-widget-container\">\n\t\t\t\t\t<h3 class=\"elementor-heading-title elementor-size-default\">Lackieren von Booten<\/h3>\t\t\t\t<\/div>\n\t\t\t\t<\/div>\n\t\t\t\t<div class=\"elementor-element elementor-element-b5fbd6c elementor-widget elementor-widget-heading\" data-id=\"b5fbd6c\" data-element_type=\"widget\" data-widget_type=\"heading.default\">\n\t\t\t\t<div class=\"elementor-widget-container\">\n\t\t\t\t\t<p class=\"elementor-heading-title elementor-size-default\">Mehr als nur Optik. Unsere Spritzlackierungen mit Zwei-Komponenten-Lacken bieten nicht nur ein beeindruckendes Finish, sondern auch einen optimalen Schutz vor Korrosion, UV-Strahlung und Bewuchs. Die hohe Flexibilit\u00e4t der Lacke gew\u00e4hrleistet eine lange Haltbarkeit, selbst unter extremen Bedingungen. Investieren Sie in die Werterhaltung Ihrer Yacht und genie\u00dfen Sie die Vorteile einer professionellen Lackierung.<\/p>\t\t\t\t<\/div>\n\t\t\t\t<\/div>\n\t\t\t\t<\/div>\n\t\t<div class=\"elementor-element elementor-element-b68ed7a e-con-full e-flex elementor-invisible e-con e-child\" data-id=\"b68ed7a\" data-element_type=\"container\" data-settings=\"{&quot;background_background&quot;:&quot;classic&quot;,&quot;animation&quot;:&quot;fadeInRight&quot;}\">\n\t\t\t\t<\/div>\n\t\t\t\t<\/div>\n\t\t<div class=\"elementor-element elementor-element-43696b6 e-con-full e-flex e-con e-child\" data-id=\"43696b6\" data-element_type=\"container\">\n\t\t<div class=\"elementor-element elementor-element-f3df92a e-con-full e-flex elementor-invisible e-con e-child\" data-id=\"f3df92a\" data-element_type=\"container\" data-settings=\"{&quot;background_background&quot;:&quot;classic&quot;,&quot;animation&quot;:&quot;fadeInLeft&quot;}\">\n\t\t\t\t<\/div>\n\t\t<div class=\"elementor-element elementor-element-cb332ef e-con-full e-flex elementor-invisible e-con e-child\" data-id=\"cb332ef\" data-element_type=\"container\" data-settings=\"{&quot;animation&quot;:&quot;fadeInRight&quot;}\">\n\t\t\t\t<div class=\"elementor-element elementor-element-72eddec elementor-widget elementor-widget-heading\" data-id=\"72eddec\" data-element_type=\"widget\" data-widget_type=\"heading.default\">\n\t\t\t\t<div class=\"elementor-widget-container\">\n\t\t\t\t\t<h3 class=\"elementor-heading-title elementor-size-default\">Sandstrahlen von Booten<\/h3>\t\t\t\t<\/div>\n\t\t\t\t<\/div>\n\t\t\t\t<div class=\"elementor-element elementor-element-83ef017 elementor-widget elementor-widget-heading\" data-id=\"83ef017\" data-element_type=\"widget\" data-widget_type=\"heading.default\">\n\t\t\t\t<div class=\"elementor-widget-container\">\n\t\t\t\t\t<p class=\"elementor-heading-title elementor-size-default\">Sandstrahlen f\u00fcr ein langlebiges Finish. Das Sandstrahlen ist die effektivste Methode, um alte Beschichtungen vollst\u00e4ndig zu entfernen und einen optimalen Haftgrund f\u00fcr die neue Lackierung zu schaffen. In unserer Halle setzen wir modernste Sandstrahlanlagen ein, die eine schonende und zugleich gr\u00fcndliche Reinigung erm\u00f6glichen. Durch die Kombination mit Schleif- und Fr\u00e4sarbeiten erzielen wir eine perfekte Oberfl\u00e4che, die die Lebensdauer Ihrer neuen Beschichtung deutlich erh\u00f6ht.<\/p>\t\t\t\t<\/div>\n\t\t\t\t<\/div>\n\t\t\t\t<\/div>\n\t\t\t\t<\/div>\n\t\t<div class=\"elementor-element elementor-element-e8d3811 e-con-full e-flex e-con e-child\" data-id=\"e8d3811\" data-element_type=\"container\">\n\t\t<div class=\"elementor-element elementor-element-f88f21d e-con-full e-flex elementor-invisible e-con e-child\" data-id=\"f88f21d\" data-element_type=\"container\" data-settings=\"{&quot;animation&quot;:&quot;fadeInLeft&quot;}\">\n\t\t\t\t<div class=\"elementor-element elementor-element-78b102d elementor-widget elementor-widget-heading\" data-id=\"78b102d\" data-element_type=\"widget\" data-widget_type=\"heading.default\">\n\t\t\t\t<div class=\"elementor-widget-container\">\n\t\t\t\t\t<h3 class=\"elementor-heading-title elementor-size-default\">Nassstrahlen von Booten<\/h3>\t\t\t\t<\/div>\n\t\t\t\t<\/div>\n\t\t\t\t<div class=\"elementor-element elementor-element-a6e1ac4 elementor-widget elementor-widget-heading\" data-id=\"a6e1ac4\" data-element_type=\"widget\" data-widget_type=\"heading.default\">\n\t\t\t\t<div class=\"elementor-widget-container\">\n\t\t\t\t\t<p class=\"elementor-heading-title elementor-size-default\">Nassstrahlen \u2013 die professionelle L\u00f6sung f\u00fcr GFK-Boote. Durch die Kombination von Strahlmittel und Wasser wird beim Nassstrahlen eine hohe Reinigungswirkung bei gleichzeitig geringer Oberfl\u00e4chenbelastung erreicht. Die Methode eignet sich ideal zur Entfernung von Antifouling, Gelcoat und anderen Beschichtungen. Das Ergebnis ist eine glatte und homogene Oberfl\u00e4che, die perfekt f\u00fcr den nachfolgenden Auftrag von Primer und Antifouling vorbereitet ist.<\/p>\t\t\t\t<\/div>\n\t\t\t\t<\/div>\n\t\t\t\t<\/div>\n\t\t<div class=\"elementor-element elementor-element-c65a363 e-con-full e-flex elementor-invisible e-con e-child\" data-id=\"c65a363\" data-element_type=\"container\" data-settings=\"{&quot;background_background&quot;:&quot;classic&quot;,&quot;animation&quot;:&quot;fadeInRight&quot;}\">\n\t\t\t\t<\/div>\n\t\t\t\t<\/div>\n\t\t<div class=\"elementor-element elementor-element-d7a620a e-con-full e-flex e-con e-child\" data-id=\"d7a620a\" data-element_type=\"container\">\n\t\t<div class=\"elementor-element elementor-element-d749a08 e-con-full e-flex elementor-invisible e-con e-child\" data-id=\"d749a08\" data-element_type=\"container\" data-settings=\"{&quot;background_background&quot;:&quot;classic&quot;,&quot;animation&quot;:&quot;fadeInLeft&quot;}\">\n\t\t\t\t<\/div>\n\t\t<div class=\"elementor-element elementor-element-085bf21 e-con-full e-flex elementor-invisible e-con e-child\" data-id=\"085bf21\" data-element_type=\"container\" data-settings=\"{&quot;animation&quot;:&quot;fadeInRight&quot;}\">\n\t\t\t\t<div class=\"elementor-element elementor-element-fe53ec4 elementor-widget elementor-widget-heading\" data-id=\"fe53ec4\" data-element_type=\"widget\" data-widget_type=\"heading.default\">\n\t\t\t\t<div class=\"elementor-widget-container\">\n\t\t\t\t\t<h3 class=\"elementor-heading-title elementor-size-default\">Anodentechnologie f\u00fcr ihr Boot<\/h3>\t\t\t\t<\/div>\n\t\t\t\t<\/div>\n\t\t\t\t<div class=\"elementor-element elementor-element-189ea1d elementor-widget elementor-widget-heading\" data-id=\"189ea1d\" data-element_type=\"widget\" data-widget_type=\"heading.default\">\n\t\t\t\t<div class=\"elementor-widget-container\">\n\t\t\t\t\t<p class=\"elementor-heading-title elementor-size-default\">Egal ob S\u00fc\u00dfwasser oder Salzwasser \u2013 wir haben die passenden Anoden f\u00fcr Ihren Bootstyp. Maximaler Schutz vor galvanischer Korrosion. Sch\u00fctzen Sie Ihr Schiff zuverl\u00e4ssig vor Korrosion. Mit unserer Expertise finden wir die richtigen Anoden f\u00fcr Ihr Boot und die spezifischen Bedingungen Ihres Heimathafens.<\/p>\t\t\t\t<\/div>\n\t\t\t\t<\/div>\n\t\t\t\t<\/div>\n\t\t\t\t<\/div>\n\t\t<div class=\"elementor-element elementor-element-2ddcbed e-con-full e-flex e-con e-child\" data-id=\"2ddcbed\" data-element_type=\"container\">\n\t\t<div class=\"elementor-element elementor-element-9dad6ec e-con-full e-flex elementor-invisible e-con e-child\" data-id=\"9dad6ec\" data-element_type=\"container\" data-settings=\"{&quot;animation&quot;:&quot;fadeInLeft&quot;}\">\n\t\t\t\t<div class=\"elementor-element elementor-element-ba74141 elementor-widget elementor-widget-heading\" data-id=\"ba74141\" data-element_type=\"widget\" data-widget_type=\"heading.default\">\n\t\t\t\t<div class=\"elementor-widget-container\">\n\t\t\t\t\t<h3 class=\"elementor-heading-title elementor-size-default\">Schadensbeseitigung am Boot<\/h3>\t\t\t\t<\/div>\n\t\t\t\t<\/div>\n\t\t\t\t<div class=\"elementor-element elementor-element-196f607 elementor-widget elementor-widget-heading\" data-id=\"196f607\" data-element_type=\"widget\" data-widget_type=\"heading.default\">\n\t\t\t\t<div class=\"elementor-widget-container\">\n\t\t\t\t\t<p class=\"elementor-heading-title elementor-size-default\">Schnelle Hilfe bei Bootsbesch\u00e4digungen. Ob kleiner Kratzer oder gr\u00f6\u00dfere Unfallsch\u00e4den \u2013 wir sind Ihr Spezialist f\u00fcr Spot-Reparaturen an Booten. Dank modernster Farbmischanlagen und der Zusammenarbeit mit erfahrenen Schwei\u00dfern stellen wir sicher, dass Ihr Boot schnell wieder einsatzbereit ist. Auch bei Versicherungssch\u00e4den sind wir Ihr kompetenter Ansprechpartner.<\/p>\t\t\t\t<\/div>\n\t\t\t\t<\/div>\n\t\t\t\t<\/div>\n\t\t<div class=\"elementor-element elementor-element-ba76e43 e-con-full e-flex elementor-invisible e-con e-child\" data-id=\"ba76e43\" data-element_type=\"container\" data-settings=\"{&quot;background_background&quot;:&quot;classic&quot;,&quot;animation&quot;:&quot;fadeInRight&quot;}\">\n\t\t\t\t<\/div>\n\t\t\t\t<\/div>\n\t\t<div class=\"elementor-element elementor-element-970731c e-con-full e-flex e-con e-child\" data-id=\"970731c\" data-element_type=\"container\">\n\t\t<div class=\"elementor-element elementor-element-f58a95c e-con-full e-flex elementor-invisible e-con e-child\" data-id=\"f58a95c\" data-element_type=\"container\" data-settings=\"{&quot;background_background&quot;:&quot;classic&quot;,&quot;animation&quot;:&quot;fadeInLeft&quot;}\">\n\t\t\t\t<\/div>\n\t\t<div class=\"elementor-element elementor-element-e493870 e-con-full e-flex elementor-invisible e-con e-child\" data-id=\"e493870\" data-element_type=\"container\" data-settings=\"{&quot;animation&quot;:&quot;fadeInRight&quot;}\">\n\t\t\t\t<div class=\"elementor-element elementor-element-eb11d7f elementor-widget elementor-widget-heading\" data-id=\"eb11d7f\" data-element_type=\"widget\" data-widget_type=\"heading.default\">\n\t\t\t\t<div class=\"elementor-widget-container\">\n\t\t\t\t\t<h2 class=\"elementor-heading-title elementor-size-default\">Korrosionsbehandlung am Boot<\/h2>\t\t\t\t<\/div>\n\t\t\t\t<\/div>\n\t\t\t\t<div class=\"elementor-element elementor-element-73a172f elementor-widget elementor-widget-heading\" data-id=\"73a172f\" data-element_type=\"widget\" data-widget_type=\"heading.default\">\n\t\t\t\t<div class=\"elementor-widget-container\">\n\t\t\t\t\t<p class=\"elementor-heading-title elementor-size-default\">Jahrelange Erfahrung f\u00fcr Ihren Bootskorrosionsschutz. Durch unsere langj\u00e4hrige Expertise im Bereich Bootsreparatur sind wir bestens geschult, um Korrosion effektiv zu bek\u00e4mpfen. In unserer Sandstrahlhalle entfernen wir zuverl\u00e4ssig Rost, alte Beschichtungen und andere Verunreinigungen. Auch bei gr\u00f6\u00dferen oder schwer zug\u00e4nglichen Bereichen finden wir die optimale L\u00f6sung.<\/p>\t\t\t\t<\/div>\n\t\t\t\t<\/div>\n\t\t\t\t<\/div>\n\t\t\t\t<\/div>\n\t\t<div class=\"elementor-element elementor-element-6cff97e e-con-full e-flex e-con e-child\" data-id=\"6cff97e\" data-element_type=\"container\">\n\t\t<div class=\"elementor-element elementor-element-9ad888b e-con-full e-flex elementor-invisible e-con e-child\" data-id=\"9ad888b\" data-element_type=\"container\" data-settings=\"{&quot;animation&quot;:&quot;fadeInLeft&quot;}\">\n\t\t\t\t<div class=\"elementor-element elementor-element-88a736f elementor-widget elementor-widget-heading\" data-id=\"88a736f\" data-element_type=\"widget\" data-widget_type=\"heading.default\">\n\t\t\t\t<div class=\"elementor-widget-container\">\n\t\t\t\t\t<h3 class=\"elementor-heading-title elementor-size-default\">Spotreparatur mit optimierter Farbanpassung am Boot<\/h3>\t\t\t\t<\/div>\n\t\t\t\t<\/div>\n\t\t\t\t<div class=\"elementor-element elementor-element-7d01b2d elementor-widget elementor-widget-heading\" data-id=\"7d01b2d\" data-element_type=\"widget\" data-widget_type=\"heading.default\">\n\t\t\t\t<div class=\"elementor-widget-container\">\n\t\t\t\t\t<p class=\"elementor-heading-title elementor-size-default\">Pr\u00e4zise Schichtentfernung f\u00fcr GFK-Boote. Unsere Spot-Reparatur ist spezialisiert auf die schonende Entfernung einzelner Farbschichten bei GFK-Booten. Diese Methode ist ideal zur Vorbereitung auf den Osmoseschutz und erm\u00f6glicht eine optimale Haftung der neuen Beschichtung. F\u00fcr ein langanhaltendes und makelloses Ergebnis.<\/p>\t\t\t\t<\/div>\n\t\t\t\t<\/div>\n\t\t\t\t<\/div>\n\t\t<div class=\"elementor-element elementor-element-dec1a45 e-con-full e-flex elementor-invisible e-con e-child\" data-id=\"dec1a45\" data-element_type=\"container\" data-settings=\"{&quot;background_background&quot;:&quot;classic&quot;,&quot;animation&quot;:&quot;fadeInRight&quot;}\">\n\t\t\t\t<\/div>\n\t\t\t\t<\/div>\n\t\t\t\t<\/div>\n\t\t\t\t\t<\/div>\n\t\t\t\t<\/div>\n\t\t\t\t<\/div>\n\t\t","protected":false},"excerpt":{"rendered":"<p>Hochwertige Lackierung f\u00fcr Ihre Yacht Lackierservice f\u00fcr Schiffe Im Hafen von EastWest sind Sie genau richtig! Wir sind Ihr Lackier-Spezialist f\u00fcr Stahlboote, Stahlyachten und nat\u00fcrlich auch f\u00fcr Ihr GFK Boot. Optische Ausbesserungen Lackierarbeiten komplette Demontagen Spotreparatur Entrosten Lackieren von Booten Mehr als nur Optik. Unsere Spritzlackierungen mit Zwei-Komponenten-Lacken bieten nicht nur ein beeindruckendes Finish, sondern &#8230;<\/p>\n","protected":false},"author":1,"featured_media":0,"parent":0,"menu_order":0,"comment_status":"closed","ping_status":"closed","template":"elementor_header_footer","meta":{"footnotes":""},"class_list":["post-3049","page","type-page","status-publish","hentry"],"_links":{"self":[{"href":"https:\/\/go-eastwest.de\/hafen\/wp-json\/wp\/v2\/pages\/3049","targetHints":{"allow":["GET"]}}],"collection":[{"href":"https:\/\/go-eastwest.de\/hafen\/wp-json\/wp\/v2\/pages"}],"about":[{"href":"https:\/\/go-eastwest.de\/hafen\/wp-json\/wp\/v2\/types\/page"}],"author":[{"embeddable":true,"href":"https:\/\/go-eastwest.de\/hafen\/wp-json\/wp\/v2\/users\/1"}],"replies":[{"embeddable":true,"href":"https:\/\/go-eastwest.de\/hafen\/wp-json\/wp\/v2\/comments?post=3049"}],"version-history":[{"count":30,"href":"https:\/\/go-eastwest.de\/hafen\/wp-json\/wp\/v2\/pages\/3049\/revisions"}],"predecessor-version":[{"id":3262,"href":"https:\/\/go-eastwest.de\/hafen\/wp-json\/wp\/v2\/pages\/3049\/revisions\/3262"}],"wp:attachment":[{"href":"https:\/\/go-eastwest.de\/hafen\/wp-json\/wp\/v2\/media?parent=3049"}],"curies":[{"name":"wp","href":"https:\/\/api.w.org\/{rel}","templated":true}]}}